{"id":22,"date":"2023-10-09T13:53:20","date_gmt":"2023-10-09T13:53:20","guid":{"rendered":"https:\/\/mappingcomplexity.net\/mainpage\/?page_id=22"},"modified":"2025-01-20T15:15:10","modified_gmt":"2025-01-20T15:15:10","slug":"contact","status":"publish","type":"page","link":"https:\/\/mappingcomplexity.net\/mainpage\/contact\/","title":{"rendered":"Contact"},"content":{"rendered":"\t\t<div data-elementor-type=\"wp-page\" data-elementor-id=\"22\" class=\"elementor elementor-22\">\n\t\t\t\t<div class=\"elementor-element elementor-element-69fbc5f e-flex e-con-boxed wpr-particle-no wpr-jarallax-no wpr-parallax-no wpr-sticky-section-no e-con e-parent\" data-id=\"69fbc5f\" data-element_type=\"container\">\n\t\t\t\t\t<div class=\"e-con-inner\">\n\t\t\t\t<div class=\"elementor-element elementor-element-af42fc0 elementor-widget elementor-widget-heading\" data-id=\"af42fc0\" data-element_type=\"widget\" data-widget_type=\"heading.default\">\n\t\t\t\t<div class=\"elementor-widget-container\">\n\t\t\t<style>\/*! elementor - v3.21.0 - 26-05-2024 *\/\n.elementor-heading-title{padding:0;margin:0;line-height:1}.elementor-widget-heading .elementor-heading-title[class*=elementor-size-]>a{color:inherit;font-size:inherit;line-height:inherit}.elementor-widget-heading .elementor-heading-title.elementor-size-small{font-size:15px}.elementor-widget-heading .elementor-heading-title.elementor-size-medium{font-size:19px}.elementor-widget-heading .elementor-heading-title.elementor-size-large{font-size:29px}.elementor-widget-heading .elementor-heading-title.elementor-size-xl{font-size:39px}.elementor-widget-heading .elementor-heading-title.elementor-size-xxl{font-size:59px}<\/style><h2 class=\"elementor-heading-title elementor-size-default\">Contact<\/h2>\t\t<\/div>\n\t\t\t\t<\/div>\n\t\t\t\t\t<\/div>\n\t\t\t\t<\/div>\n\t\t<div class=\"elementor-element elementor-element-17b9efe e-flex e-con-boxed wpr-particle-no wpr-jarallax-no wpr-parallax-no wpr-sticky-section-no e-con e-parent\" data-id=\"17b9efe\" data-element_type=\"container\">\n\t\t\t\t\t<div class=\"e-con-inner\">\n\t\t<div class=\"elementor-element elementor-element-493d186 e-con-full e-flex wpr-particle-no wpr-jarallax-no wpr-parallax-no wpr-sticky-section-no e-con e-child\" data-id=\"493d186\" data-element_type=\"container\">\n\t\t\t\t<div class=\"elementor-element elementor-element-366722a elementor-widget elementor-widget-google_maps\" data-id=\"366722a\" data-element_type=\"widget\" data-widget_type=\"google_maps.default\">\n\t\t\t\t<div class=\"elementor-widget-container\">\n\t\t\t<style>\/*! elementor - v3.21.0 - 26-05-2024 *\/\n.elementor-widget-google_maps .elementor-widget-container{overflow:hidden}.elementor-widget-google_maps .elementor-custom-embed{line-height:0}.elementor-widget-google_maps iframe{height:300px}<\/style>\t\t<div class=\"elementor-custom-embed\">\n\t\t\t<iframe loading=\"lazy\"\n\t\t\t\t\tsrc=\"https:\/\/maps.google.com\/maps?q=Mart%C3%AD%20i%20Franqu%C3%A8s%2C%201%20%E2%80%93%2008028%20Barcelona%2C%20Spain&#038;t=m&#038;z=12&#038;output=embed&#038;iwloc=near\"\n\t\t\t\t\ttitle=\"Mart\u00ed i Franqu\u00e8s, 1 \u2013 08028 Barcelona, Spain\"\n\t\t\t\t\taria-label=\"Mart\u00ed i Franqu\u00e8s, 1 \u2013 08028 Barcelona, Spain\"\n\t\t\t><\/iframe>\n\t\t<\/div>\n\t\t\t\t<\/div>\n\t\t\t\t<\/div>\n\t\t\t\t<\/div>\n\t\t<div class=\"elementor-element elementor-element-8a721da e-con-full e-flex wpr-particle-no wpr-jarallax-no wpr-parallax-no wpr-sticky-section-no e-con e-child\" data-id=\"8a721da\" data-element_type=\"container\">\n\t\t\t\t<div class=\"elementor-element elementor-element-951bc20 elementor-widget elementor-widget-text-editor\" data-id=\"951bc20\" data-element_type=\"widget\" data-widget_type=\"text-editor.default\">\n\t\t\t\t<div class=\"elementor-widget-container\">\n\t\t\t<style>\/*! elementor - v3.21.0 - 26-05-2024 *\/\n.elementor-widget-text-editor.elementor-drop-cap-view-stacked .elementor-drop-cap{background-color:#69727d;color:#fff}.elementor-widget-text-editor.elementor-drop-cap-view-framed .elementor-drop-cap{color:#69727d;border:3px solid;background-color:transparent}.elementor-widget-text-editor:not(.elementor-drop-cap-view-default) .elementor-drop-cap{margin-top:8px}.elementor-widget-text-editor:not(.elementor-drop-cap-view-default) .elementor-drop-cap-letter{width:1em;height:1em}.elementor-widget-text-editor .elementor-drop-cap{float:left;text-align:center;line-height:1;font-size:50px}.elementor-widget-text-editor .elementor-drop-cap-letter{display:inline-block}<\/style>\t\t\t\t<p>M. \u00c1ngeles Serrano<br \/>marian.serrano@ub.edu, +34934021153<br \/>Office 4.06<\/p><p>Mari\u00e1n Bogu\u00f1\u00e1<br \/>marian.boguna@ub.edu, +34934039211<br \/>Office 4.16<\/p><p>Department of Condensed Matter Physics<br \/>Faculty of Physics, University of Barcelona<\/p><p>Mart\u00ed i Franqu\u00e8s, 1 \u2013 08028 Barcelona, Spain<\/p>\t\t\t\t\t\t<\/div>\n\t\t\t\t<\/div>\n\t\t\t\t<\/div>\n\t\t\t\t\t<\/div>\n\t\t\t\t<\/div>\n\t\t<div class=\"elementor-element elementor-element-68e83e7 e-flex e-con-boxed wpr-particle-no wpr-jarallax-no wpr-parallax-no wpr-sticky-section-no e-con e-parent\" data-id=\"68e83e7\" data-element_type=\"container\">\n\t\t\t\t\t<div class=\"e-con-inner\">\n\t\t\t\t<div class=\"elementor-element elementor-element-d266181 elementor-widget elementor-widget-text-editor\" data-id=\"d266181\" data-element_type=\"widget\" data-widget_type=\"text-editor.default\">\n\t\t\t\t<div class=\"elementor-widget-container\">\n\t\t\t\t\t\t\t<p style=\"text-align: center;\"><a href=\"https:\/\/web.ub.edu\/en\/home\">University of Barcelona<\/a> <b>|<\/b> <a href=\"https:\/\/www.ub.edu\/portal\/web\/physics\/ubics\">UBICS<\/a> <b>| <\/b><a href=\"https:\/\/www.icrea.cat\/\">ICREA<\/a><\/p>\t\t\t\t\t\t<\/div>\n\t\t\t\t<\/div>\n\t\t\t\t\t<\/div>\n\t\t\t\t<\/div>\n\t\t\t\t<\/div>\n\t\t","protected":false},"excerpt":{"rendered":"<p>Contact M. \u00c1ngeles Serranomarian.serrano@ub.edu, +34934021153Office 4.06 Mari\u00e1n Bogu\u00f1\u00e1marian.boguna@ub.edu, +34934039211Office 4.16 Department of Condensed Matter PhysicsFaculty of Physics, University of Barcelona Mart\u00ed i Franqu\u00e8s, 1 \u2013 08028 Barcelona, Spain University of Barcelona | UBICS | ICREA<\/p>\n","protected":false},"author":1,"featured_media":0,"parent":0,"menu_order":7,"comment_status":"closed","ping_status":"closed","template":"","meta":{"footnotes":""},"class_list":["post-22","page","type-page","status-publish","hentry"],"yoast_head":"<!-- This site is optimized with the Yoast SEO plugin v22.8 - https:\/\/yoast.com\/wordpress\/plugins\/seo\/ -->\n<title>Contact - Mapping Complexity Lab<\/title>\n<meta name=\"robots\" content=\"index, follow, max-snippet:-1, max-image-preview:large, max-video-preview:-1\" \/>\n<link rel=\"canonical\" href=\"https:\/\/mappingcomplexity.net\/mainpage\/contact\/\" \/>\n<meta property=\"og:locale\" content=\"en_US\" \/>\n<meta property=\"og:type\" content=\"article\" \/>\n<meta property=\"og:title\" content=\"Contact - Mapping Complexity Lab\" \/>\n<meta property=\"og:description\" content=\"Contact M. \u00c1ngeles Serranomarian.serrano@ub.edu, +34934021153Office 4.06 Mari\u00e1n Bogu\u00f1\u00e1marian.boguna@ub.edu, +34934039211Office 4.16 Department of Condensed Matter PhysicsFaculty of Physics, University of Barcelona Mart\u00ed i Franqu\u00e8s, 1 \u2013 08028 Barcelona, Spain University of Barcelona | UBICS | ICREA\" \/>\n<meta property=\"og:url\" content=\"https:\/\/mappingcomplexity.net\/mainpage\/contact\/\" \/>\n<meta property=\"og:site_name\" content=\"Mapping Complexity Lab\" \/>\n<meta property=\"article:modified_time\" content=\"2025-01-20T15:15:10+00:00\" \/>\n<meta name=\"twitter:card\" content=\"summary_large_image\" \/>\n<meta name=\"twitter:label1\" content=\"Est. reading time\" \/>\n\t<meta name=\"twitter:data1\" content=\"1 minute\" \/>\n<script type=\"application\/ld+json\" class=\"yoast-schema-graph\">{\"@context\":\"https:\/\/schema.org\",\"@graph\":[{\"@type\":\"WebPage\",\"@id\":\"https:\/\/mappingcomplexity.net\/mainpage\/contact\/\",\"url\":\"https:\/\/mappingcomplexity.net\/mainpage\/contact\/\",\"name\":\"Contact - Mapping Complexity Lab\",\"isPartOf\":{\"@id\":\"https:\/\/mappingcomplexity.net\/mainpage\/#website\"},\"datePublished\":\"2023-10-09T13:53:20+00:00\",\"dateModified\":\"2025-01-20T15:15:10+00:00\",\"breadcrumb\":{\"@id\":\"https:\/\/mappingcomplexity.net\/mainpage\/contact\/#breadcrumb\"},\"inLanguage\":\"en-US\",\"potentialAction\":[{\"@type\":\"ReadAction\",\"target\":[\"https:\/\/mappingcomplexity.net\/mainpage\/contact\/\"]}]},{\"@type\":\"BreadcrumbList\",\"@id\":\"https:\/\/mappingcomplexity.net\/mainpage\/contact\/#breadcrumb\",\"itemListElement\":[{\"@type\":\"ListItem\",\"position\":1,\"name\":\"Home\",\"item\":\"https:\/\/mappingcomplexity.net\/mainpage\/\"},{\"@type\":\"ListItem\",\"position\":2,\"name\":\"Contact\"}]},{\"@type\":\"WebSite\",\"@id\":\"https:\/\/mappingcomplexity.net\/mainpage\/#website\",\"url\":\"https:\/\/mappingcomplexity.net\/mainpage\/\",\"name\":\"Mapping Complexity Lab\",\"description\":\"University of Barcelona | UBICS | ICREA\",\"publisher\":{\"@id\":\"https:\/\/mappingcomplexity.net\/mainpage\/#organization\"},\"potentialAction\":[{\"@type\":\"SearchAction\",\"target\":{\"@type\":\"EntryPoint\",\"urlTemplate\":\"https:\/\/mappingcomplexity.net\/mainpage\/?s={search_term_string}\"},\"query-input\":\"required name=search_term_string\"}],\"inLanguage\":\"en-US\"},{\"@type\":\"Organization\",\"@id\":\"https:\/\/mappingcomplexity.net\/mainpage\/#organization\",\"name\":\"Mapping Complexity Lab\",\"url\":\"https:\/\/mappingcomplexity.net\/mainpage\/\",\"logo\":{\"@type\":\"ImageObject\",\"inLanguage\":\"en-US\",\"@id\":\"https:\/\/mappingcomplexity.net\/mainpage\/#\/schema\/logo\/image\/\",\"url\":\"https:\/\/mappingcomplexity.net\/mainpage\/wp-content\/uploads\/2023\/10\/cropped-logo-1.png\",\"contentUrl\":\"https:\/\/mappingcomplexity.net\/mainpage\/wp-content\/uploads\/2023\/10\/cropped-logo-1.png\",\"width\":541,\"height\":487,\"caption\":\"Mapping Complexity Lab\"},\"image\":{\"@id\":\"https:\/\/mappingcomplexity.net\/mainpage\/#\/schema\/logo\/image\/\"}}]}<\/script>\n<!-- \/ Yoast SEO plugin. -->","yoast_head_json":{"title":"Contact - Mapping Complexity Lab","robots":{"index":"index","follow":"follow","max-snippet":"max-snippet:-1","max-image-preview":"max-image-preview:large","max-video-preview":"max-video-preview:-1"},"canonical":"https:\/\/mappingcomplexity.net\/mainpage\/contact\/","og_locale":"en_US","og_type":"article","og_title":"Contact - Mapping Complexity Lab","og_description":"Contact M. \u00c1ngeles Serranomarian.serrano@ub.edu, +34934021153Office 4.06 Mari\u00e1n Bogu\u00f1\u00e1marian.boguna@ub.edu, +34934039211Office 4.16 Department of Condensed Matter PhysicsFaculty of Physics, University of Barcelona Mart\u00ed i Franqu\u00e8s, 1 \u2013 08028 Barcelona, Spain University of Barcelona | UBICS | ICREA","og_url":"https:\/\/mappingcomplexity.net\/mainpage\/contact\/","og_site_name":"Mapping Complexity Lab","article_modified_time":"2025-01-20T15:15:10+00:00","twitter_card":"summary_large_image","twitter_misc":{"Est. reading time":"1 minute"},"schema":{"@context":"https:\/\/schema.org","@graph":[{"@type":"WebPage","@id":"https:\/\/mappingcomplexity.net\/mainpage\/contact\/","url":"https:\/\/mappingcomplexity.net\/mainpage\/contact\/","name":"Contact - Mapping Complexity Lab","isPartOf":{"@id":"https:\/\/mappingcomplexity.net\/mainpage\/#website"},"datePublished":"2023-10-09T13:53:20+00:00","dateModified":"2025-01-20T15:15:10+00:00","breadcrumb":{"@id":"https:\/\/mappingcomplexity.net\/mainpage\/contact\/#breadcrumb"},"inLanguage":"en-US","potentialAction":[{"@type":"ReadAction","target":["https:\/\/mappingcomplexity.net\/mainpage\/contact\/"]}]},{"@type":"BreadcrumbList","@id":"https:\/\/mappingcomplexity.net\/mainpage\/contact\/#breadcrumb","itemListElement":[{"@type":"ListItem","position":1,"name":"Home","item":"https:\/\/mappingcomplexity.net\/mainpage\/"},{"@type":"ListItem","position":2,"name":"Contact"}]},{"@type":"WebSite","@id":"https:\/\/mappingcomplexity.net\/mainpage\/#website","url":"https:\/\/mappingcomplexity.net\/mainpage\/","name":"Mapping Complexity Lab","description":"University of Barcelona | UBICS | ICREA","publisher":{"@id":"https:\/\/mappingcomplexity.net\/mainpage\/#organization"},"potentialAction":[{"@type":"SearchAction","target":{"@type":"EntryPoint","urlTemplate":"https:\/\/mappingcomplexity.net\/mainpage\/?s={search_term_string}"},"query-input":"required name=search_term_string"}],"inLanguage":"en-US"},{"@type":"Organization","@id":"https:\/\/mappingcomplexity.net\/mainpage\/#organization","name":"Mapping Complexity Lab","url":"https:\/\/mappingcomplexity.net\/mainpage\/","logo":{"@type":"ImageObject","inLanguage":"en-US","@id":"https:\/\/mappingcomplexity.net\/mainpage\/#\/schema\/logo\/image\/","url":"https:\/\/mappingcomplexity.net\/mainpage\/wp-content\/uploads\/2023\/10\/cropped-logo-1.png","contentUrl":"https:\/\/mappingcomplexity.net\/mainpage\/wp-content\/uploads\/2023\/10\/cropped-logo-1.png","width":541,"height":487,"caption":"Mapping Complexity Lab"},"image":{"@id":"https:\/\/mappingcomplexity.net\/mainpage\/#\/schema\/logo\/image\/"}}]}},"rttpg_featured_image_url":null,"rttpg_author":{"display_name":"vshchepetov","author_link":"https:\/\/mappingcomplexity.net\/mainpage\/author\/vshchepetov\/"},"rttpg_comment":0,"rttpg_category":null,"rttpg_excerpt":"Contact M. \u00c1ngeles Serranomarian.serrano@ub.edu, +34934021153Office 4.06 Mari\u00e1n Bogu\u00f1\u00e1marian.boguna@ub.edu, +34934039211Office 4.16 Department of Condensed Matter PhysicsFaculty of Physics, University of Barcelona Mart\u00ed i Franqu\u00e8s, 1 \u2013 08028 Barcelona, Spain University of Barcelona | UBICS | ICREA","_links":{"self":[{"href":"https:\/\/mappingcomplexity.net\/mainpage\/wp-json\/wp\/v2\/pages\/22","targetHints":{"allow":["GET"]}}],"collection":[{"href":"https:\/\/mappingcomplexity.net\/mainpage\/wp-json\/wp\/v2\/pages"}],"about":[{"href":"https:\/\/mappingcomplexity.net\/mainpage\/wp-json\/wp\/v2\/types\/page"}],"author":[{"embeddable":true,"href":"https:\/\/mappingcomplexity.net\/mainpage\/wp-json\/wp\/v2\/users\/1"}],"replies":[{"embeddable":true,"href":"https:\/\/mappingcomplexity.net\/mainpage\/wp-json\/wp\/v2\/comments?post=22"}],"version-history":[{"count":105,"href":"https:\/\/mappingcomplexity.net\/mainpage\/wp-json\/wp\/v2\/pages\/22\/revisions"}],"predecessor-version":[{"id":3565,"href":"https:\/\/mappingcomplexity.net\/mainpage\/wp-json\/wp\/v2\/pages\/22\/revisions\/3565"}],"wp:attachment":[{"href":"https:\/\/mappingcomplexity.net\/mainpage\/wp-json\/wp\/v2\/media?parent=22"}],"curies":[{"name":"wp","href":"https:\/\/api.w.org\/{rel}","templated":true}]}}