{"id":214,"date":"2023-10-11T09:31:45","date_gmt":"2023-10-11T09:31:45","guid":{"rendered":"https:\/\/mappingcomplexity.net\/mainpage\/?page_id=214"},"modified":"2025-01-28T16:25:44","modified_gmt":"2025-01-28T16:25:44","slug":"people","status":"publish","type":"page","link":"https:\/\/mappingcomplexity.net\/mainpage\/people\/","title":{"rendered":"People"},"content":{"rendered":"\t\t<div data-elementor-type=\"wp-page\" data-elementor-id=\"214\" class=\"elementor elementor-214\">\n\t\t\t\t<div class=\"elementor-element elementor-element-259708d e-flex e-con-boxed wpr-particle-no wpr-jarallax-no wpr-parallax-no wpr-sticky-section-no e-con e-parent\" data-id=\"259708d\" data-element_type=\"container\">\n\t\t\t\t\t<div class=\"e-con-inner\">\n\t\t\t\t<div class=\"elementor-element elementor-element-6364c8c elementor-widget elementor-widget-heading\" data-id=\"6364c8c\" data-element_type=\"widget\" data-widget_type=\"heading.default\">\n\t\t\t\t<div class=\"elementor-widget-container\">\n\t\t\t<style>\/*! elementor - v3.21.0 - 26-05-2024 *\/\n.elementor-heading-title{padding:0;margin:0;line-height:1}.elementor-widget-heading .elementor-heading-title[class*=elementor-size-]>a{color:inherit;font-size:inherit;line-height:inherit}.elementor-widget-heading .elementor-heading-title.elementor-size-small{font-size:15px}.elementor-widget-heading .elementor-heading-title.elementor-size-medium{font-size:19px}.elementor-widget-heading .elementor-heading-title.elementor-size-large{font-size:29px}.elementor-widget-heading .elementor-heading-title.elementor-size-xl{font-size:39px}.elementor-widget-heading .elementor-heading-title.elementor-size-xxl{font-size:59px}<\/style><h2 class=\"elementor-heading-title elementor-size-default\">Group Leaders<\/h2>\t\t<\/div>\n\t\t\t\t<\/div>\n\t\t\t\t\t<\/div>\n\t\t\t\t<\/div>\n\t\t<div class=\"elementor-element elementor-element-373e351 e-flex e-con-boxed wpr-particle-no wpr-jarallax-no wpr-parallax-no wpr-sticky-section-no e-con e-parent\" data-id=\"373e351\" data-element_type=\"container\">\n\t\t\t\t\t<div class=\"e-con-inner\">\n\t\t\t\t<div class=\"elementor-element elementor-element-5a56ec3 elementor-widget elementor-widget-text-editor\" data-id=\"5a56ec3\" data-element_type=\"widget\" data-widget_type=\"text-editor.default\">\n\t\t\t\t<div class=\"elementor-widget-container\">\n\t\t\t<style>\/*! elementor - v3.21.0 - 26-05-2024 *\/\n.elementor-widget-text-editor.elementor-drop-cap-view-stacked .elementor-drop-cap{background-color:#69727d;color:#fff}.elementor-widget-text-editor.elementor-drop-cap-view-framed .elementor-drop-cap{color:#69727d;border:3px solid;background-color:transparent}.elementor-widget-text-editor:not(.elementor-drop-cap-view-default) .elementor-drop-cap{margin-top:8px}.elementor-widget-text-editor:not(.elementor-drop-cap-view-default) .elementor-drop-cap-letter{width:1em;height:1em}.elementor-widget-text-editor .elementor-drop-cap{float:left;text-align:center;line-height:1;font-size:50px}.elementor-widget-text-editor .elementor-drop-cap-letter{display:inline-block}<\/style>\t\t\t\t<div>M. \u00c1ngeles Serrano, ICREA Research Professor, marian.serrano@ub.edu | <a href=\"https:\/\/mappingcomplexity.net\/maserrano\/\">website<\/a><\/div><div>Mari\u00e1n Bogu\u00f1\u00e1, Professor, marian.boguna@ub.edu | <a href=\"http:\/\/complex.ffn.ub.es\/~mbogunya\/\">website<\/a><\/div>\t\t\t\t\t\t<\/div>\n\t\t\t\t<\/div>\n\t\t\t\t\t<\/div>\n\t\t\t\t<\/div>\n\t\t<div class=\"elementor-element elementor-element-9bf0d88 e-flex e-con-boxed wpr-particle-no wpr-jarallax-no wpr-parallax-no wpr-sticky-section-no e-con e-parent\" data-id=\"9bf0d88\" data-element_type=\"container\">\n\t\t\t\t\t<div class=\"e-con-inner\">\n\t\t\t\t<div class=\"elementor-element elementor-element-deb5d46 elementor-widget elementor-widget-heading\" data-id=\"deb5d46\" data-element_type=\"widget\" data-widget_type=\"heading.default\">\n\t\t\t\t<div class=\"elementor-widget-container\">\n\t\t\t<h2 class=\"elementor-heading-title elementor-size-default\">Postdoctoral Researchers and PhD Students<\/h2>\t\t<\/div>\n\t\t\t\t<\/div>\n\t\t\t\t\t<\/div>\n\t\t\t\t<\/div>\n\t\t<div class=\"elementor-element elementor-element-e967165 e-flex e-con-boxed wpr-particle-no wpr-jarallax-no wpr-parallax-no wpr-sticky-section-no e-con e-parent\" data-id=\"e967165\" data-element_type=\"container\">\n\t\t\t\t\t<div class=\"e-con-inner\">\n\t\t\t\t<div class=\"elementor-element elementor-element-7c9e100 elementor-widget elementor-widget-text-editor\" data-id=\"7c9e100\" data-element_type=\"widget\" data-widget_type=\"text-editor.default\">\n\t\t\t\t<div class=\"elementor-widget-container\">\n\t\t\t\t\t\t\t<div>Luc\u00eda Ram\u00edrez, PhD, luciaramirez@ub.edu | <a href=\"https:\/\/scholar.google.com\/citations?user=z2rRKogAAAAJ\">website<\/a><\/div><div>Roya Aliakbarisani, PhD, roya_aliakbarisani@ub.edu | <a href=\"https:\/\/scholar.google.com\/citations?user=99FmtwEAAAAJ&amp;hl=en\">website<\/a><\/div><div>Laia Barjuan, laia.barjuan@ub.edu<span style=\"font-weight: var( --e-global-typography-text-font-weight ); text-align: var(--text-align);\">\u00a0<\/span><span style=\"font-weight: var( --e-global-typography-text-font-weight ); text-align: var(--text-align);\">| <a href=\"http:\/\/ubics.ub.edu\/people_post.php?id=112\">website<\/a><\/span><\/div><div>Robert Jankowski, robert.jankowski@ub.edu<span style=\"font-weight: var( --e-global-typography-text-font-weight ); text-align: var(--text-align);\">\u00a0<\/span><span style=\"font-weight: var( --e-global-typography-text-font-weight ); text-align: var(--text-align);\">| <a href=\"https:\/\/robertjankowski.github.io\/\">website<\/a><\/span><\/div>\t\t\t\t\t\t<\/div>\n\t\t\t\t<\/div>\n\t\t\t\t\t<\/div>\n\t\t\t\t<\/div>\n\t\t<div class=\"elementor-element elementor-element-cc797b7 e-flex e-con-boxed wpr-particle-no wpr-jarallax-no wpr-parallax-no wpr-sticky-section-no e-con e-parent\" data-id=\"cc797b7\" data-element_type=\"container\">\n\t\t\t\t\t<div class=\"e-con-inner\">\n\t\t\t\t<div class=\"elementor-element elementor-element-9417f9e elementor-widget elementor-widget-heading\" data-id=\"9417f9e\" data-element_type=\"widget\" data-widget_type=\"heading.default\">\n\t\t\t\t<div class=\"elementor-widget-container\">\n\t\t\t<h2 class=\"elementor-heading-title elementor-size-default\">Visiting Scholars<\/h2>\t\t<\/div>\n\t\t\t\t<\/div>\n\t\t\t\t\t<\/div>\n\t\t\t\t<\/div>\n\t\t<div class=\"elementor-element elementor-element-122d8fc e-flex e-con-boxed wpr-particle-no wpr-jarallax-no wpr-parallax-no wpr-sticky-section-no e-con e-parent\" data-id=\"122d8fc\" data-element_type=\"container\">\n\t\t\t\t\t<div class=\"e-con-inner\">\n\t\t\t\t<div class=\"elementor-element elementor-element-0e31f35 elementor-widget elementor-widget-text-editor\" data-id=\"0e31f35\" data-element_type=\"widget\" data-widget_type=\"text-editor.default\">\n\t\t\t\t<div class=\"elementor-widget-container\">\n\t\t\t\t\t\t\t<div>Jingwei Li, PhD student, South East University, Nanjing, PR China<\/div><div>Govind Gandhi, PhD student, Indiana University, US<\/div><div>Dorota Celi\u0144ska-Kopczy\u0144ska, Assistant Professor, University of Warsaw, Poland<\/div>\t\t\t\t\t\t<\/div>\n\t\t\t\t<\/div>\n\t\t\t\t\t<\/div>\n\t\t\t\t<\/div>\n\t\t<div class=\"elementor-element elementor-element-5ff4971 e-flex e-con-boxed wpr-particle-no wpr-jarallax-no wpr-parallax-no wpr-sticky-section-no e-con e-parent\" data-id=\"5ff4971\" data-element_type=\"container\">\n\t\t\t\t\t<div class=\"e-con-inner\">\n\t\t\t\t<div class=\"elementor-element elementor-element-e8b2664 elementor-widget elementor-widget-heading\" data-id=\"e8b2664\" data-element_type=\"widget\" data-widget_type=\"heading.default\">\n\t\t\t\t<div class=\"elementor-widget-container\">\n\t\t\t<h2 class=\"elementor-heading-title elementor-size-default\">Former Members (in chronological order)<\/h2>\t\t<\/div>\n\t\t\t\t<\/div>\n\t\t\t\t\t<\/div>\n\t\t\t\t<\/div>\n\t\t<div class=\"elementor-element elementor-element-afb20c0 e-flex e-con-boxed wpr-particle-no wpr-jarallax-no wpr-parallax-no wpr-sticky-section-no e-con e-parent\" data-id=\"afb20c0\" data-element_type=\"container\">\n\t\t\t\t\t<div class=\"e-con-inner\">\n\t\t\t\t<div class=\"elementor-element elementor-element-939dbae elementor-widget elementor-widget-text-editor\" data-id=\"939dbae\" data-element_type=\"widget\" data-widget_type=\"text-editor.default\">\n\t\t\t\t<div class=\"elementor-widget-container\">\n\t\t\t\t\t\t\t<div>Pol Colomer-de-Sim\u00f3n, PhD student 2012-2016<br \/>Kolja K. Kleineberg, PhD student 2013-2016<br \/>Guillermo Garc\u00eda-P\u00e9rez, PhD student 2015-2018 and Master student 2014-2015<br \/>Elisenda Ortiz, PhD student 2018-2022 and Master student 2014-2015<br \/>H\u00e9ctor Albalad Alcal\u00e1, Master student 2014-2015<br \/>Antoine Allard, Postdoc 2014-2016 and 2018<br \/>Liudmila Rozanova, Postdoc 2015-2016<br \/>Francesco Massucci, Postdoc 2015-2016<br \/>Jan Haerter, Postdoc 2015-2016.<br \/>Michele Starnini, Postdoc 2015-2018<br \/>Lubos Buzna, Postdoc 2015-2017<br \/>Guillem Mosquera-Do\u00f1ate, Undergraduate student 2015<br \/>Muhua Zheng, Postdoc 2017-2020<br \/>Xavier R. Hoffmann, PhD student 2017-2021<br \/>Sergio Alcal\u00e1, Visiting PhD student from Autonomous University of Mexico, Mexico, 2017<br \/>Roya Aliakbarisani, Visiting PhD student from K. N. Toosi University of Technology, Iran, 2017-2018<br \/>Joan Giralt Ib\u00e1\u00f1ez, Master student 2018-2019<br \/>Amani Tahat, Postdoc 2018-2020<br \/>Pedro Almagro, Postdoc 2019-2020<br \/>Adri\u00e0 Vicens Salomon, Master student 2019-2020<br \/>Lilei Han, Visiting PhD student from East China Normal University, China, 2022-2023<br \/>Pegah Hozabrierdi, Visiting PhD student from Syracuse University, USA, 2022<br \/>Viktor Gonz\u00e1lez Gea, Master student 2022-2023<\/div><div>Carla Caro Villanova, Undergraduate student, 2023-2024<\/div><div>Valentin Shchepetov, IT support 2023-2024<\/div><div>Meritxell Vila Mi\u00f1ana, Undergraduate student, 2023-2024<\/div><div>Jasper van der Kolk, PhD student 2020-2024<\/div><div>Dimitri Marinelli, Postdoc 2024<\/div>\t\t\t\t\t\t<\/div>\n\t\t\t\t<\/div>\n\t\t\t\t\t<\/div>\n\t\t\t\t<\/div>\n\t\t\t\t<\/div>\n\t\t","protected":false},"excerpt":{"rendered":"<p>Group Leaders M. \u00c1ngeles Serrano, ICREA Research Professor, marian.serrano@ub.edu | websiteMari\u00e1n Bogu\u00f1\u00e1, Professor, marian.boguna@ub.edu | website Postdoctoral Researchers and PhD Students Luc\u00eda Ram\u00edrez, PhD, luciaramirez@ub.edu | websiteRoya Aliakbarisani, PhD, roya_aliakbarisani@ub.edu | websiteLaia Barjuan, laia.barjuan@ub.edu\u00a0| websiteRobert Jankowski, robert.jankowski@ub.edu\u00a0| website Visiting Scholars Jingwei Li, PhD student, South East University, Nanjing, PR ChinaGovind Gandhi, PhD student, Indiana University,&hellip;<\/p>\n","protected":false},"author":1,"featured_media":0,"parent":0,"menu_order":2,"comment_status":"closed","ping_status":"closed","template":"","meta":{"footnotes":""},"class_list":["post-214","page","type-page","status-publish","hentry"],"yoast_head":"<!-- This site is optimized with the Yoast SEO plugin v22.8 - https:\/\/yoast.com\/wordpress\/plugins\/seo\/ -->\n<title>People - Mapping Complexity Lab<\/title>\n<meta name=\"robots\" content=\"index, follow, max-snippet:-1, max-image-preview:large, max-video-preview:-1\" \/>\n<link rel=\"canonical\" href=\"https:\/\/mappingcomplexity.net\/mainpage\/people\/\" \/>\n<meta property=\"og:locale\" content=\"en_US\" \/>\n<meta property=\"og:type\" content=\"article\" \/>\n<meta property=\"og:title\" content=\"People - Mapping Complexity Lab\" \/>\n<meta property=\"og:description\" content=\"Group Leaders M. \u00c1ngeles Serrano, ICREA Research Professor, marian.serrano@ub.edu | websiteMari\u00e1n Bogu\u00f1\u00e1, Professor, marian.boguna@ub.edu | website Postdoctoral Researchers and PhD Students Luc\u00eda Ram\u00edrez, PhD, luciaramirez@ub.edu | websiteRoya Aliakbarisani, PhD, roya_aliakbarisani@ub.edu | websiteLaia Barjuan, laia.barjuan@ub.edu\u00a0| websiteRobert Jankowski, robert.jankowski@ub.edu\u00a0| website Visiting Scholars Jingwei Li, PhD student, South East University, Nanjing, PR ChinaGovind Gandhi, PhD student, Indiana University,&hellip;\" \/>\n<meta property=\"og:url\" content=\"https:\/\/mappingcomplexity.net\/mainpage\/people\/\" \/>\n<meta property=\"og:site_name\" content=\"Mapping Complexity Lab\" \/>\n<meta property=\"article:modified_time\" content=\"2025-01-28T16:25:44+00:00\" \/>\n<meta name=\"twitter:card\" content=\"summary_large_image\" \/>\n<meta name=\"twitter:label1\" content=\"Est. reading time\" \/>\n\t<meta name=\"twitter:data1\" content=\"2 minutes\" \/>\n<script type=\"application\/ld+json\" class=\"yoast-schema-graph\">{\"@context\":\"https:\/\/schema.org\",\"@graph\":[{\"@type\":\"WebPage\",\"@id\":\"https:\/\/mappingcomplexity.net\/mainpage\/people\/\",\"url\":\"https:\/\/mappingcomplexity.net\/mainpage\/people\/\",\"name\":\"People - Mapping Complexity Lab\",\"isPartOf\":{\"@id\":\"https:\/\/mappingcomplexity.net\/mainpage\/#website\"},\"datePublished\":\"2023-10-11T09:31:45+00:00\",\"dateModified\":\"2025-01-28T16:25:44+00:00\",\"breadcrumb\":{\"@id\":\"https:\/\/mappingcomplexity.net\/mainpage\/people\/#breadcrumb\"},\"inLanguage\":\"en-US\",\"potentialAction\":[{\"@type\":\"ReadAction\",\"target\":[\"https:\/\/mappingcomplexity.net\/mainpage\/people\/\"]}]},{\"@type\":\"BreadcrumbList\",\"@id\":\"https:\/\/mappingcomplexity.net\/mainpage\/people\/#breadcrumb\",\"itemListElement\":[{\"@type\":\"ListItem\",\"position\":1,\"name\":\"Home\",\"item\":\"https:\/\/mappingcomplexity.net\/mainpage\/\"},{\"@type\":\"ListItem\",\"position\":2,\"name\":\"People\"}]},{\"@type\":\"WebSite\",\"@id\":\"https:\/\/mappingcomplexity.net\/mainpage\/#website\",\"url\":\"https:\/\/mappingcomplexity.net\/mainpage\/\",\"name\":\"Mapping Complexity Lab\",\"description\":\"University of Barcelona | UBICS | ICREA\",\"publisher\":{\"@id\":\"https:\/\/mappingcomplexity.net\/mainpage\/#organization\"},\"potentialAction\":[{\"@type\":\"SearchAction\",\"target\":{\"@type\":\"EntryPoint\",\"urlTemplate\":\"https:\/\/mappingcomplexity.net\/mainpage\/?s={search_term_string}\"},\"query-input\":\"required name=search_term_string\"}],\"inLanguage\":\"en-US\"},{\"@type\":\"Organization\",\"@id\":\"https:\/\/mappingcomplexity.net\/mainpage\/#organization\",\"name\":\"Mapping Complexity Lab\",\"url\":\"https:\/\/mappingcomplexity.net\/mainpage\/\",\"logo\":{\"@type\":\"ImageObject\",\"inLanguage\":\"en-US\",\"@id\":\"https:\/\/mappingcomplexity.net\/mainpage\/#\/schema\/logo\/image\/\",\"url\":\"https:\/\/mappingcomplexity.net\/mainpage\/wp-content\/uploads\/2023\/10\/cropped-logo-1.png\",\"contentUrl\":\"https:\/\/mappingcomplexity.net\/mainpage\/wp-content\/uploads\/2023\/10\/cropped-logo-1.png\",\"width\":541,\"height\":487,\"caption\":\"Mapping Complexity Lab\"},\"image\":{\"@id\":\"https:\/\/mappingcomplexity.net\/mainpage\/#\/schema\/logo\/image\/\"}}]}<\/script>\n<!-- \/ Yoast SEO plugin. -->","yoast_head_json":{"title":"People - Mapping Complexity Lab","robots":{"index":"index","follow":"follow","max-snippet":"max-snippet:-1","max-image-preview":"max-image-preview:large","max-video-preview":"max-video-preview:-1"},"canonical":"https:\/\/mappingcomplexity.net\/mainpage\/people\/","og_locale":"en_US","og_type":"article","og_title":"People - Mapping Complexity Lab","og_description":"Group Leaders M. \u00c1ngeles Serrano, ICREA Research Professor, marian.serrano@ub.edu | websiteMari\u00e1n Bogu\u00f1\u00e1, Professor, marian.boguna@ub.edu | website Postdoctoral Researchers and PhD Students Luc\u00eda Ram\u00edrez, PhD, luciaramirez@ub.edu | websiteRoya Aliakbarisani, PhD, roya_aliakbarisani@ub.edu | websiteLaia Barjuan, laia.barjuan@ub.edu\u00a0| websiteRobert Jankowski, robert.jankowski@ub.edu\u00a0| website Visiting Scholars Jingwei Li, PhD student, South East University, Nanjing, PR ChinaGovind Gandhi, PhD student, Indiana University,&hellip;","og_url":"https:\/\/mappingcomplexity.net\/mainpage\/people\/","og_site_name":"Mapping Complexity Lab","article_modified_time":"2025-01-28T16:25:44+00:00","twitter_card":"summary_large_image","twitter_misc":{"Est. reading time":"2 minutes"},"schema":{"@context":"https:\/\/schema.org","@graph":[{"@type":"WebPage","@id":"https:\/\/mappingcomplexity.net\/mainpage\/people\/","url":"https:\/\/mappingcomplexity.net\/mainpage\/people\/","name":"People - Mapping Complexity Lab","isPartOf":{"@id":"https:\/\/mappingcomplexity.net\/mainpage\/#website"},"datePublished":"2023-10-11T09:31:45+00:00","dateModified":"2025-01-28T16:25:44+00:00","breadcrumb":{"@id":"https:\/\/mappingcomplexity.net\/mainpage\/people\/#breadcrumb"},"inLanguage":"en-US","potentialAction":[{"@type":"ReadAction","target":["https:\/\/mappingcomplexity.net\/mainpage\/people\/"]}]},{"@type":"BreadcrumbList","@id":"https:\/\/mappingcomplexity.net\/mainpage\/people\/#breadcrumb","itemListElement":[{"@type":"ListItem","position":1,"name":"Home","item":"https:\/\/mappingcomplexity.net\/mainpage\/"},{"@type":"ListItem","position":2,"name":"People"}]},{"@type":"WebSite","@id":"https:\/\/mappingcomplexity.net\/mainpage\/#website","url":"https:\/\/mappingcomplexity.net\/mainpage\/","name":"Mapping Complexity Lab","description":"University of Barcelona | UBICS | ICREA","publisher":{"@id":"https:\/\/mappingcomplexity.net\/mainpage\/#organization"},"potentialAction":[{"@type":"SearchAction","target":{"@type":"EntryPoint","urlTemplate":"https:\/\/mappingcomplexity.net\/mainpage\/?s={search_term_string}"},"query-input":"required name=search_term_string"}],"inLanguage":"en-US"},{"@type":"Organization","@id":"https:\/\/mappingcomplexity.net\/mainpage\/#organization","name":"Mapping Complexity Lab","url":"https:\/\/mappingcomplexity.net\/mainpage\/","logo":{"@type":"ImageObject","inLanguage":"en-US","@id":"https:\/\/mappingcomplexity.net\/mainpage\/#\/schema\/logo\/image\/","url":"https:\/\/mappingcomplexity.net\/mainpage\/wp-content\/uploads\/2023\/10\/cropped-logo-1.png","contentUrl":"https:\/\/mappingcomplexity.net\/mainpage\/wp-content\/uploads\/2023\/10\/cropped-logo-1.png","width":541,"height":487,"caption":"Mapping Complexity Lab"},"image":{"@id":"https:\/\/mappingcomplexity.net\/mainpage\/#\/schema\/logo\/image\/"}}]}},"rttpg_featured_image_url":null,"rttpg_author":{"display_name":"vshchepetov","author_link":"https:\/\/mappingcomplexity.net\/mainpage\/author\/vshchepetov\/"},"rttpg_comment":0,"rttpg_category":null,"rttpg_excerpt":"Group Leaders M. \u00c1ngeles Serrano, ICREA Research Professor, marian.serrano@ub.edu | websiteMari\u00e1n Bogu\u00f1\u00e1, Professor, marian.boguna@ub.edu | website Postdoctoral Researchers and PhD Students Luc\u00eda Ram\u00edrez, PhD, luciaramirez@ub.edu | websiteRoya Aliakbarisani, PhD, roya_aliakbarisani@ub.edu | websiteLaia Barjuan, laia.barjuan@ub.edu\u00a0| websiteRobert Jankowski, robert.jankowski@ub.edu\u00a0| website Visiting Scholars Jingwei Li, PhD student, South East University, Nanjing, PR ChinaGovind Gandhi, PhD student, Indiana University,&hellip;","_links":{"self":[{"href":"https:\/\/mappingcomplexity.net\/mainpage\/wp-json\/wp\/v2\/pages\/214","targetHints":{"allow":["GET"]}}],"collection":[{"href":"https:\/\/mappingcomplexity.net\/mainpage\/wp-json\/wp\/v2\/pages"}],"about":[{"href":"https:\/\/mappingcomplexity.net\/mainpage\/wp-json\/wp\/v2\/types\/page"}],"author":[{"embeddable":true,"href":"https:\/\/mappingcomplexity.net\/mainpage\/wp-json\/wp\/v2\/users\/1"}],"replies":[{"embeddable":true,"href":"https:\/\/mappingcomplexity.net\/mainpage\/wp-json\/wp\/v2\/comments?post=214"}],"version-history":[{"count":131,"href":"https:\/\/mappingcomplexity.net\/mainpage\/wp-json\/wp\/v2\/pages\/214\/revisions"}],"predecessor-version":[{"id":3601,"href":"https:\/\/mappingcomplexity.net\/mainpage\/wp-json\/wp\/v2\/pages\/214\/revisions\/3601"}],"wp:attachment":[{"href":"https:\/\/mappingcomplexity.net\/mainpage\/wp-json\/wp\/v2\/media?parent=214"}],"curies":[{"name":"wp","href":"https:\/\/api.w.org\/{rel}","templated":true}]}}